{"id":44305,"date":"2024-10-15T21:47:34","date_gmt":"2024-10-15T21:47:34","guid":{"rendered":"https:\/\/delporte.adveris.dev\/conferencier-hotel\/"},"modified":"2025-10-29T10:01:27","modified_gmt":"2025-10-29T10:01:27","slug":"conferencier-hotel","status":"publish","type":"page","link":"https:\/\/delporte-hospitality.com\/en\/conferencier-hotel\/","title":{"rendered":"Hotel &amp; hospitality speaker"},"content":{"rendered":"\n<div style=\"height:50px\" aria-hidden=\"true\" class=\"wp-block-spacer\"><\/div>\n\n\n\n<div class=\"wp-block-columns is-layout-flex wp-container-core-columns-is-layout-9d6595d7 wp-block-columns-is-layout-flex\">\n<div class=\"wp-block-column is-layout-flow wp-block-column-is-layout-flow\" style=\"flex-basis:50%\">\n<h2 class=\"wp-block-heading has-large-font-size\">Expert lecturer in Hospitality, more than 250 lectures<\/h2>\n\n\n\n<p class=\"has-blue-color has-text-color has-link-color wp-elements-17d1003e156aaa7f446d86bbcc2c26d1\" style=\"font-size:1.6em\">Laurent Delporte, a pioneer in corporate hospitality: an innovative vision resulting from 25 years&#8217; experience in the hotel industry and working for companies in France and abroad to create and implement remarkable hospitality experiences.<\/p>\n<\/div>\n\n\n\n<div class=\"wp-block-column is-layout-flow wp-block-column-is-layout-flow\">\n<div class=\"wp-block-cover is-light\"><span aria-hidden=\"true\" class=\"wp-block-cover__background has-yellow-background-color has-background-dim-100 has-background-dim\"><\/span><div class=\"wp-block-cover__inner-container is-layout-constrained wp-block-cover-is-layout-constrained\">\n<h2 class=\"wp-block-heading has-blue-color has-text-color has-link-color wp-elements-8e9d081043fcb8a7c3ba354fe98f1a22\"><strong>Awards<\/strong><\/h2>\n\n\n\n<p class=\"has-white-color has-text-color has-link-color wp-elements-1a4d96f65f9743b37b0851ec9e81b24f\">2021 &amp; 2022: Best hotel industry speaker Luxlife Magazine<\/p>\n\n\n\n<p class=\"has-white-color has-text-color has-link-color wp-elements-a8ec6443afecf86a69696e51b16d9510\">2024 Top 10 Hospitality influencers in the world according to the International Hospitality Institute (USA).<\/p>\n\n\n\n<div class=\"wp-block-columns is-layout-flex wp-container-core-columns-is-layout-9d6595d7 wp-block-columns-is-layout-flex\">\n<div class=\"wp-block-column is-layout-flow wp-block-column-is-layout-flow\"><div class=\"wp-block-image\">\n<figure class=\"aligncenter size-full is-resized\"><img loading=\"lazy\" decoding=\"async\" width=\"482\" height=\"490\" src=\"https:\/\/delporte-hospitality.com\/wp-content\/uploads\/logo_luxilife.png\" alt=\"\" class=\"wp-image-696\" style=\"width:150px\"\/><\/figure>\n<\/div><\/div>\n\n\n\n<div class=\"wp-block-column is-layout-flow wp-block-column-is-layout-flow\"><div class=\"wp-block-image\">\n<figure class=\"aligncenter size-full is-resized\"><img loading=\"lazy\" decoding=\"async\" width=\"482\" height=\"490\" src=\"https:\/\/delporte-hospitality.com\/wp-content\/uploads\/logo_top10.png\" alt=\"\" class=\"wp-image-697\" style=\"width:150px\"\/><\/figure>\n<\/div><\/div>\n<\/div>\n\n\n\n<div class=\"wp-block-uagb-image uagb-block-6f1a1c2c wp-block-uagb-image--layout-default wp-block-uagb-image--effect-static wp-block-uagb-image--align-none\"><figure class=\"wp-block-uagb-image__figure\"><img decoding=\"async\" srcset=\"https:\/\/delporte-hospitality.com\/wp-content\/uploads\/Capture-decran-2025-03-24-a-18.21.57.png ,https:\/\/delporte-hospitality.com\/wp-content\/uploads\/Capture-decran-2025-03-24-a-18.21.57.png 780w, https:\/\/delporte-hospitality.com\/wp-content\/uploads\/Capture-decran-2025-03-24-a-18.21.57.png 360w\" sizes=\"auto, (max-width: 480px) 150px\" src=\"https:\/\/delporte-hospitality.com\/wp-content\/uploads\/Capture-decran-2025-03-24-a-18.21.57.png\" alt=\"\" class=\"uag-image-45682\" width=\"249\" height=\"141\" title=\"Top luxury speaker\" loading=\"lazy\" role=\"img\"\/><\/figure><\/div>\n<\/div><\/div>\n<\/div>\n<\/div>\n\n\n\n<div style=\"height:30px\" aria-hidden=\"true\" class=\"wp-block-spacer\"><\/div>\n\n\n\n<hr class=\"wp-block-separator has-text-color has-yellow-color has-alpha-channel-opacity has-yellow-background-color has-background\"\/>\n\n\n\n<div style=\"height:30px\" aria-hidden=\"true\" class=\"wp-block-spacer\"><\/div>\n\n\n\n<div class=\"wp-block-columns are-vertically-aligned-center is-layout-flex wp-container-core-columns-is-layout-9d6595d7 wp-block-columns-is-layout-flex\">\n<div class=\"wp-block-column is-vertically-aligned-center is-layout-flow wp-block-column-is-layout-flow\" style=\"flex-basis:35%\">\n<h2 class=\"wp-block-heading has-yellow-color has-text-color has-link-color wp-elements-d36e3862f556a826f1a69ce36c67c3b0\" style=\"font-size:1.6em\">Hospitality and the Hotel: Inspiring and Transmitting Excellence in Hospitality\u2019 conference<\/h2>\n<\/div>\n\n\n\n<div class=\"wp-block-column is-vertically-aligned-center is-layout-flow wp-block-column-is-layout-flow\">\n<p>In a sector where the customer experience and the art of entertaining are at the heart of success, the role of hotel speaker takes on its full meaning. The mission of a hospitality speaker is to share knowledge, inspire professionals and convey a vision that reflects the sector&#8217;s core values.<\/p>\n\n\n\n<p>Laurent Delporte&#8217;s talks provide participants with valuable expertise and help them to cultivate quality hospitality. Thanks to his lectures, an expert can guide teams towards a more accomplished hospitality and help them overcome limiting thoughts that could slow down innovation or the adoption of new trends.<\/p>\n\n\n\n<p>A speaker on hospitality issues plays a crucial role in training and raising awareness among teams. He or she passes on hospitality standards and helps professionals to adopt best practice in terms of service and customer relations. Beyond simple training, the aim is to pass on a passion for hospitality and customer satisfaction. By sharing techniques and inspiring stories, the speaker helps to create a link between the values of the establishment and the experience offered to customers.<\/p>\n<\/div>\n<\/div>\n\n\n\n<div style=\"height:30px\" aria-hidden=\"true\" class=\"wp-block-spacer\"><\/div>\n\n\n\n<hr class=\"wp-block-separator has-text-color has-yellow-color has-alpha-channel-opacity has-yellow-background-color has-background\"\/>\n\n\n\n<div style=\"height:30px\" aria-hidden=\"true\" class=\"wp-block-spacer\"><\/div>\n\n\n\n<div class=\"wp-block-columns are-vertically-aligned-center is-layout-flex wp-container-core-columns-is-layout-9d6595d7 wp-block-columns-is-layout-flex\">\n<div class=\"wp-block-column is-vertically-aligned-center is-layout-flow wp-block-column-is-layout-flow\" style=\"flex-basis:35%\">\n<h2 class=\"wp-block-heading has-yellow-color has-text-color has-link-color wp-elements-ada9d0cece65e038b20b5213464f6821\" style=\"font-size:1.6em\"><strong>How can a speaker convey a vision?<\/strong><\/h2>\n<\/div>\n\n\n\n<div class=\"wp-block-column is-vertically-aligned-center is-layout-flow wp-block-column-is-layout-flow\">\n<p>A Master Speaker has the power to transform limiting thoughts and create new perspectives by sharing an inspiring vision of hospitality that is relevant to a variety of sectors. At management seminars and executive committee meetings, he sheds unique light on the values of hospitality and how they can be applied to customer relations or team management, whether in the hotel industry, the health sector, financial services, banks, shops, care centres, etc.<\/p>\n\n\n\n<p>Exploring trends in hospitality and linked to the theme of leadership, Delporte Hospitality helps managers and decision-makers to grasp the current expectations of customers and staff, while guiding them on how to create a memorable experience that goes beyond mere service. Using concrete examples, he demonstrates how hospitality values can be applied in innovative ways that are aligned with the history of hospitality. This includes reinterpreting traditions and integrating modern approaches to meet today&#8217;s demands and preferences.<\/p>\n\n\n\n<p>Beyond imparting knowledge, a hospitality speaker inspires a shared vision of excellence and customer focus, bringing a deep understanding of the essential values that transcend sectors and meet the contemporary challenges of today&#8217;s businesses.<\/p>\n<\/div>\n<\/div>\n\n\n\n<div style=\"height:30px\" aria-hidden=\"true\" class=\"wp-block-spacer\"><\/div>\n\n\n\n<hr class=\"wp-block-separator has-text-color has-yellow-color has-alpha-channel-opacity has-yellow-background-color has-background\"\/>\n\n\n\n<div style=\"height:30px\" aria-hidden=\"true\" class=\"wp-block-spacer\"><\/div>\n\n\n\n<div class=\"wp-block-columns are-vertically-aligned-center is-layout-flex wp-container-core-columns-is-layout-9d6595d7 wp-block-columns-is-layout-flex\">\n<div class=\"wp-block-column is-vertically-aligned-center is-layout-flow wp-block-column-is-layout-flow\">\n<h2 class=\"wp-block-heading has-yellow-color has-text-color has-link-color wp-elements-5f23dc40f19a5261afea421d3c25ddc9\" style=\"font-size:1.6em\">Some examples of conference themes\u2026<\/h2>\n\n\n\n<p>A cross-section of hotels and hospitality in hairdressing salons and beauty salons<\/p>\n\n\n\n<p>Luxury hotels, a model for customer amazement<\/p>\n\n\n\n<p>Major trends in the hotel industry<\/p>\n\n\n\n<p>The art of hospitality<\/p>\n\n\n\n<p><strong>Leadership and hospitality management<\/strong><\/p>\n\n\n\n<p>The quest for meaning: do we have to go through difficult trials to reach the best version of ourselves?<\/p>\n\n\n\n<p>The hotel industry of tomorrow is already here<\/p>\n<\/div>\n\n\n\n<div class=\"wp-block-column is-vertically-aligned-center is-layout-flow wp-block-column-is-layout-flow\"><div class=\"wp-block-image deco-delporte-left\">\n<figure class=\"aligncenter size-full\"><img loading=\"lazy\" decoding=\"async\" width=\"1024\" height=\"684\" src=\"https:\/\/delporte-hospitality.com\/wp-content\/uploads\/Oservices.jpg\" alt=\"\" class=\"wp-image-541\" style=\"aspect-ratio:1;object-fit:cover\" srcset=\"https:\/\/delporte-hospitality.com\/wp-content\/uploads\/Oservices.jpg 1024w, https:\/\/delporte-hospitality.com\/wp-content\/uploads\/Oservices-768x513.jpg 768w\" sizes=\"auto, (max-width: 1024px) 100vw, 1024px\" \/><\/figure>\n<\/div><\/div>\n<\/div>\n\n\n\n<div style=\"height:100px\" aria-hidden=\"true\" class=\"wp-block-spacer\"><\/div>\n\n\n\n<p class=\"has-small-font-size\">Photo credits by Rene Terp<\/p>\n\n\n\n<div style=\"height:100px\" aria-hidden=\"true\" class=\"wp-block-spacer\"><\/div>\n","protected":false},"excerpt":{"rendered":"<p>Expert lecturer in Hospitality, more than 250 lectures Laurent Delporte, a pioneer in corporate hospitality: an innovative vision resulting from 25 years&#8217; experience in the hotel industry and working for companies in France and abroad to create and implement remarkable hospitality experiences. Hospitality and the Hotel: Inspiring and Transmitting Excellence in Hospitality\u2019 conference In a [&hellip;]<\/p>\n","protected":false},"author":1,"featured_media":46522,"parent":0,"menu_order":0,"comment_status":"closed","ping_status":"closed","template":"","meta":{"_uag_custom_page_level_css":"","footnotes":""},"class_list":["post-44305","page","type-page","status-publish","has-post-thumbnail","hentry"],"yoast_head":"<!-- This site is optimized with the Yoast SEO plugin v27.4 - https:\/\/yoast.com\/product\/yoast-seo-wordpress\/ -->\n<title>Hotel &amp; hospitality speaker - DELPORTE Hospitality<\/title>\n<meta name=\"description\" content=\"Conf\u00e9rencier en hospitalit\u00e9 : inspirez vos \u00e9quipes gr\u00e2ce \u00e0 l&#039;hospitalit\u00e9 et d\u00e9veloppez une qualit\u00e9 de service d&#039;exception.\" \/>\n<meta name=\"robots\" content=\"index, follow, max-snippet:-1, max-image-preview:large, max-video-preview:-1\" \/>\n<link rel=\"canonical\" href=\"https:\/\/delporte-hospitality.com\/en\/conferencier-hotel\/\" \/>\n<meta property=\"og:locale\" content=\"en_US\" \/>\n<meta property=\"og:type\" content=\"article\" \/>\n<meta property=\"og:title\" content=\"Hotel &amp; hospitality speaker - DELPORTE Hospitality\" \/>\n<meta property=\"og:description\" content=\"Conf\u00e9rencier en hospitalit\u00e9 : inspirez vos \u00e9quipes gr\u00e2ce \u00e0 l&#039;hospitalit\u00e9 et d\u00e9veloppez une qualit\u00e9 de service d&#039;exception.\" \/>\n<meta property=\"og:url\" content=\"https:\/\/delporte-hospitality.com\/en\/conferencier-hotel\/\" \/>\n<meta property=\"og:site_name\" content=\"DELPORTE Hospitality\" \/>\n<meta property=\"article:publisher\" content=\"https:\/\/www.facebook.com\/delportehospitality\" \/>\n<meta property=\"article:modified_time\" content=\"2025-10-29T10:01:27+00:00\" \/>\n<meta property=\"og:image\" content=\"https:\/\/delporte-hospitality.com\/wp-content\/uploads\/pexels-reneterp-2505056-1.jpg\" \/>\n\t<meta property=\"og:image:width\" content=\"2000\" \/>\n\t<meta property=\"og:image:height\" content=\"2000\" \/>\n\t<meta property=\"og:image:type\" content=\"image\/jpeg\" \/>\n<meta name=\"twitter:card\" content=\"summary_large_image\" \/>\n<meta name=\"twitter:site\" content=\"@laurentdelporte\" \/>\n<meta name=\"twitter:label1\" content=\"Est. reading time\" \/>\n\t<meta name=\"twitter:data1\" content=\"4 minutes\" \/>\n<script type=\"application\/ld+json\" class=\"yoast-schema-graph\">{\"@context\":\"https:\\\/\\\/schema.org\",\"@graph\":[{\"@type\":\"WebPage\",\"@id\":\"https:\\\/\\\/delporte-hospitality.com\\\/en\\\/conferencier-hotel\\\/\",\"url\":\"https:\\\/\\\/delporte-hospitality.com\\\/en\\\/conferencier-hotel\\\/\",\"name\":\"Hotel &amp; hospitality speaker - DELPORTE Hospitality\",\"isPartOf\":{\"@id\":\"https:\\\/\\\/delporte-hospitality.com\\\/en\\\/#website\"},\"primaryImageOfPage\":{\"@id\":\"https:\\\/\\\/delporte-hospitality.com\\\/en\\\/conferencier-hotel\\\/#primaryimage\"},\"image\":{\"@id\":\"https:\\\/\\\/delporte-hospitality.com\\\/en\\\/conferencier-hotel\\\/#primaryimage\"},\"thumbnailUrl\":\"https:\\\/\\\/delporte-hospitality.com\\\/wp-content\\\/uploads\\\/FORUM-HOTEL-_SPA-2025_\u0451Photo-Faust-Favart_10-1-scaled.jpg\",\"datePublished\":\"2024-10-15T21:47:34+00:00\",\"dateModified\":\"2025-10-29T10:01:27+00:00\",\"description\":\"Conf\u00e9rencier en hospitalit\u00e9 : inspirez vos \u00e9quipes gr\u00e2ce \u00e0 l'hospitalit\u00e9 et d\u00e9veloppez une qualit\u00e9 de service d'exception.\",\"breadcrumb\":{\"@id\":\"https:\\\/\\\/delporte-hospitality.com\\\/en\\\/conferencier-hotel\\\/#breadcrumb\"},\"inLanguage\":\"en-US\",\"potentialAction\":[{\"@type\":\"ReadAction\",\"target\":[\"https:\\\/\\\/delporte-hospitality.com\\\/en\\\/conferencier-hotel\\\/\"]}]},{\"@type\":\"ImageObject\",\"inLanguage\":\"en-US\",\"@id\":\"https:\\\/\\\/delporte-hospitality.com\\\/en\\\/conferencier-hotel\\\/#primaryimage\",\"url\":\"https:\\\/\\\/delporte-hospitality.com\\\/wp-content\\\/uploads\\\/FORUM-HOTEL-_SPA-2025_\u0451Photo-Faust-Favart_10-1-scaled.jpg\",\"contentUrl\":\"https:\\\/\\\/delporte-hospitality.com\\\/wp-content\\\/uploads\\\/FORUM-HOTEL-_SPA-2025_\u0451Photo-Faust-Favart_10-1-scaled.jpg\",\"width\":2560,\"height\":1707},{\"@type\":\"BreadcrumbList\",\"@id\":\"https:\\\/\\\/delporte-hospitality.com\\\/en\\\/conferencier-hotel\\\/#breadcrumb\",\"itemListElement\":[{\"@type\":\"ListItem\",\"position\":1,\"name\":\"Accueil\",\"item\":\"https:\\\/\\\/delporte-hospitality.com\\\/en\\\/\"},{\"@type\":\"ListItem\",\"position\":2,\"name\":\"Hotel &amp; hospitality speaker\"}]},{\"@type\":\"WebSite\",\"@id\":\"https:\\\/\\\/delporte-hospitality.com\\\/en\\\/#website\",\"url\":\"https:\\\/\\\/delporte-hospitality.com\\\/en\\\/\",\"name\":\"DELPORTE Hospitality\",\"description\":\"D\u00e9velopper vos talents, r\u00e9v\u00e9ler votre hospitalit\u00e9.\",\"publisher\":{\"@id\":\"https:\\\/\\\/delporte-hospitality.com\\\/en\\\/#organization\"},\"potentialAction\":[{\"@type\":\"SearchAction\",\"target\":{\"@type\":\"EntryPoint\",\"urlTemplate\":\"https:\\\/\\\/delporte-hospitality.com\\\/en\\\/?s={search_term_string}\"},\"query-input\":{\"@type\":\"PropertyValueSpecification\",\"valueRequired\":true,\"valueName\":\"search_term_string\"}}],\"inLanguage\":\"en-US\"},{\"@type\":\"Organization\",\"@id\":\"https:\\\/\\\/delporte-hospitality.com\\\/en\\\/#organization\",\"name\":\"DELPORTE Hospitality\",\"url\":\"https:\\\/\\\/delporte-hospitality.com\\\/en\\\/\",\"logo\":{\"@type\":\"ImageObject\",\"inLanguage\":\"en-US\",\"@id\":\"https:\\\/\\\/delporte-hospitality.com\\\/en\\\/#\\\/schema\\\/logo\\\/image\\\/\",\"url\":\"https:\\\/\\\/delporte-hospitality.com\\\/wp-content\\\/uploads\\\/logo-m.svg\",\"contentUrl\":\"https:\\\/\\\/delporte-hospitality.com\\\/wp-content\\\/uploads\\\/logo-m.svg\",\"caption\":\"DELPORTE Hospitality\"},\"image\":{\"@id\":\"https:\\\/\\\/delporte-hospitality.com\\\/en\\\/#\\\/schema\\\/logo\\\/image\\\/\"},\"sameAs\":[\"https:\\\/\\\/www.facebook.com\\\/delportehospitality\",\"https:\\\/\\\/x.com\\\/laurentdelporte\",\"https:\\\/\\\/www.tiktok.com\\\/@delporte_hospitality\",\"https:\\\/\\\/www.instagram.com\\\/delporte_expert_hospitalite\"]}]}<\/script>\n<!-- \/ Yoast SEO plugin. -->","yoast_head_json":{"title":"Hotel &amp; hospitality speaker - DELPORTE Hospitality","description":"Conf\u00e9rencier en hospitalit\u00e9 : inspirez vos \u00e9quipes gr\u00e2ce \u00e0 l'hospitalit\u00e9 et d\u00e9veloppez une qualit\u00e9 de service d'exception.","robots":{"index":"index","follow":"follow","max-snippet":"max-snippet:-1","max-image-preview":"max-image-preview:large","max-video-preview":"max-video-preview:-1"},"canonical":"https:\/\/delporte-hospitality.com\/en\/conferencier-hotel\/","og_locale":"en_US","og_type":"article","og_title":"Hotel &amp; hospitality speaker - DELPORTE Hospitality","og_description":"Conf\u00e9rencier en hospitalit\u00e9 : inspirez vos \u00e9quipes gr\u00e2ce \u00e0 l'hospitalit\u00e9 et d\u00e9veloppez une qualit\u00e9 de service d'exception.","og_url":"https:\/\/delporte-hospitality.com\/en\/conferencier-hotel\/","og_site_name":"DELPORTE Hospitality","article_publisher":"https:\/\/www.facebook.com\/delportehospitality","article_modified_time":"2025-10-29T10:01:27+00:00","og_image":[{"width":2000,"height":2000,"url":"https:\/\/delporte-hospitality.com\/wp-content\/uploads\/pexels-reneterp-2505056-1.jpg","type":"image\/jpeg"}],"twitter_card":"summary_large_image","twitter_site":"@laurentdelporte","twitter_misc":{"Est. reading time":"4 minutes"},"schema":{"@context":"https:\/\/schema.org","@graph":[{"@type":"WebPage","@id":"https:\/\/delporte-hospitality.com\/en\/conferencier-hotel\/","url":"https:\/\/delporte-hospitality.com\/en\/conferencier-hotel\/","name":"Hotel &amp; hospitality speaker - DELPORTE Hospitality","isPartOf":{"@id":"https:\/\/delporte-hospitality.com\/en\/#website"},"primaryImageOfPage":{"@id":"https:\/\/delporte-hospitality.com\/en\/conferencier-hotel\/#primaryimage"},"image":{"@id":"https:\/\/delporte-hospitality.com\/en\/conferencier-hotel\/#primaryimage"},"thumbnailUrl":"https:\/\/delporte-hospitality.com\/wp-content\/uploads\/FORUM-HOTEL-_SPA-2025_\u0451Photo-Faust-Favart_10-1-scaled.jpg","datePublished":"2024-10-15T21:47:34+00:00","dateModified":"2025-10-29T10:01:27+00:00","description":"Conf\u00e9rencier en hospitalit\u00e9 : inspirez vos \u00e9quipes gr\u00e2ce \u00e0 l'hospitalit\u00e9 et d\u00e9veloppez une qualit\u00e9 de service d'exception.","breadcrumb":{"@id":"https:\/\/delporte-hospitality.com\/en\/conferencier-hotel\/#breadcrumb"},"inLanguage":"en-US","potentialAction":[{"@type":"ReadAction","target":["https:\/\/delporte-hospitality.com\/en\/conferencier-hotel\/"]}]},{"@type":"ImageObject","inLanguage":"en-US","@id":"https:\/\/delporte-hospitality.com\/en\/conferencier-hotel\/#primaryimage","url":"https:\/\/delporte-hospitality.com\/wp-content\/uploads\/FORUM-HOTEL-_SPA-2025_\u0451Photo-Faust-Favart_10-1-scaled.jpg","contentUrl":"https:\/\/delporte-hospitality.com\/wp-content\/uploads\/FORUM-HOTEL-_SPA-2025_\u0451Photo-Faust-Favart_10-1-scaled.jpg","width":2560,"height":1707},{"@type":"BreadcrumbList","@id":"https:\/\/delporte-hospitality.com\/en\/conferencier-hotel\/#breadcrumb","itemListElement":[{"@type":"ListItem","position":1,"name":"Accueil","item":"https:\/\/delporte-hospitality.com\/en\/"},{"@type":"ListItem","position":2,"name":"Hotel &amp; hospitality speaker"}]},{"@type":"WebSite","@id":"https:\/\/delporte-hospitality.com\/en\/#website","url":"https:\/\/delporte-hospitality.com\/en\/","name":"DELPORTE Hospitality","description":"D\u00e9velopper vos talents, r\u00e9v\u00e9ler votre hospitalit\u00e9.","publisher":{"@id":"https:\/\/delporte-hospitality.com\/en\/#organization"},"potentialAction":[{"@type":"SearchAction","target":{"@type":"EntryPoint","urlTemplate":"https:\/\/delporte-hospitality.com\/en\/?s={search_term_string}"},"query-input":{"@type":"PropertyValueSpecification","valueRequired":true,"valueName":"search_term_string"}}],"inLanguage":"en-US"},{"@type":"Organization","@id":"https:\/\/delporte-hospitality.com\/en\/#organization","name":"DELPORTE Hospitality","url":"https:\/\/delporte-hospitality.com\/en\/","logo":{"@type":"ImageObject","inLanguage":"en-US","@id":"https:\/\/delporte-hospitality.com\/en\/#\/schema\/logo\/image\/","url":"https:\/\/delporte-hospitality.com\/wp-content\/uploads\/logo-m.svg","contentUrl":"https:\/\/delporte-hospitality.com\/wp-content\/uploads\/logo-m.svg","caption":"DELPORTE Hospitality"},"image":{"@id":"https:\/\/delporte-hospitality.com\/en\/#\/schema\/logo\/image\/"},"sameAs":["https:\/\/www.facebook.com\/delportehospitality","https:\/\/x.com\/laurentdelporte","https:\/\/www.tiktok.com\/@delporte_hospitality","https:\/\/www.instagram.com\/delporte_expert_hospitalite"]}]}},"uagb_featured_image_src":{"full":["https:\/\/delporte-hospitality.com\/wp-content\/uploads\/FORUM-HOTEL-_SPA-2025_\u0451Photo-Faust-Favart_10-1-scaled.jpg",2560,1707,false],"thumbnail":["https:\/\/delporte-hospitality.com\/wp-content\/uploads\/FORUM-HOTEL-_SPA-2025_\u0451Photo-Faust-Favart_10-1-scaled.jpg",128,85,false],"medium":["https:\/\/delporte-hospitality.com\/wp-content\/uploads\/FORUM-HOTEL-_SPA-2025_\u0451Photo-Faust-Favart_10-1-scaled.jpg",2560,1707,false],"medium_large":["https:\/\/delporte-hospitality.com\/wp-content\/uploads\/FORUM-HOTEL-_SPA-2025_\u0451Photo-Faust-Favart_10-1-768x512.jpg",640,427,true],"large":["https:\/\/delporte-hospitality.com\/wp-content\/uploads\/FORUM-HOTEL-_SPA-2025_\u0451Photo-Faust-Favart_10-1-1024x683.jpg",640,427,true],"1536x1536":["https:\/\/delporte-hospitality.com\/wp-content\/uploads\/FORUM-HOTEL-_SPA-2025_\u0451Photo-Faust-Favart_10-1-1536x1024.jpg",1536,1024,true],"2048x2048":["https:\/\/delporte-hospitality.com\/wp-content\/uploads\/FORUM-HOTEL-_SPA-2025_\u0451Photo-Faust-Favart_10-1-2048x1365.jpg",2048,1365,true]},"uagb_author_info":{"display_name":"admin-f-red","author_link":"https:\/\/delporte-hospitality.com\/en\/author\/admin-f-red\/"},"uagb_comment_info":0,"uagb_excerpt":"Expert lecturer in Hospitality, more than 250 lectures Laurent Delporte, a pioneer in corporate hospitality: an innovative vision resulting from 25 years&#8217; experience in the hotel industry and working for companies in France and abroad to create and implement remarkable hospitality experiences. Hospitality and the Hotel: Inspiring and Transmitting Excellence in Hospitality\u2019 conference In a&hellip;","_links":{"self":[{"href":"https:\/\/delporte-hospitality.com\/en\/wp-json\/wp\/v2\/pages\/44305","targetHints":{"allow":["GET"]}}],"collection":[{"href":"https:\/\/delporte-hospitality.com\/en\/wp-json\/wp\/v2\/pages"}],"about":[{"href":"https:\/\/delporte-hospitality.com\/en\/wp-json\/wp\/v2\/types\/page"}],"author":[{"embeddable":true,"href":"https:\/\/delporte-hospitality.com\/en\/wp-json\/wp\/v2\/users\/1"}],"replies":[{"embeddable":true,"href":"https:\/\/delporte-hospitality.com\/en\/wp-json\/wp\/v2\/comments?post=44305"}],"version-history":[{"count":4,"href":"https:\/\/delporte-hospitality.com\/en\/wp-json\/wp\/v2\/pages\/44305\/revisions"}],"predecessor-version":[{"id":46532,"href":"https:\/\/delporte-hospitality.com\/en\/wp-json\/wp\/v2\/pages\/44305\/revisions\/46532"}],"wp:featuredmedia":[{"embeddable":true,"href":"https:\/\/delporte-hospitality.com\/en\/wp-json\/wp\/v2\/media\/46522"}],"wp:attachment":[{"href":"https:\/\/delporte-hospitality.com\/en\/wp-json\/wp\/v2\/media?parent=44305"}],"curies":[{"name":"wp","href":"https:\/\/api.w.org\/{rel}","templated":true}]}}