{"id":44300,"date":"2024-10-30T23:44:28","date_gmt":"2024-10-30T23:44:28","guid":{"rendered":"https:\/\/delporte.adveris.dev\/amo-hospitalite-assistance-maitrise-douvrage\/"},"modified":"2025-01-28T08:25:00","modified_gmt":"2025-01-28T08:25:00","slug":"amo-hospitalite-assistance-maitrise-douvrage","status":"publish","type":"page","link":"https:\/\/delporte-hospitality.com\/en\/amo-hospitalite-assistance-maitrise-douvrage\/","title":{"rendered":"Hospitality project management, project management assistance"},"content":{"rendered":"\n<div style=\"height:50px\" aria-hidden=\"true\" class=\"wp-block-spacer\"><\/div>\n\n\n\n<div class=\"wp-block-columns are-vertically-aligned-center is-layout-flex wp-container-core-columns-is-layout-9d6595d7 wp-block-columns-is-layout-flex\">\n<div class=\"wp-block-column is-vertically-aligned-center is-layout-flow wp-block-column-is-layout-flow\" style=\"flex-basis:35%\">\n<h2 class=\"wp-block-heading has-yellow-color has-text-color has-link-color wp-elements-20d8a91588ec5b2a031b4f2b6186e8be\" style=\"font-size:1.8em\">AMO H\u00f4tel: Strategic expertise to optimise the design and profitability of hotel establishments<\/h2>\n<\/div>\n\n\n\n<div class=\"wp-block-column is-vertically-aligned-center is-layout-flow wp-block-column-is-layout-flow\">\n<p>Project Management Assistance (PMA) in the hotel sector, also known as Hotel PMA, plays a fundamental role in the success of hotel construction and renovation projects. Thanks to its cutting-edge expertise, the project management team works alongside the hotelier, architect and investor to ensure that every aspect of the project is designed with quality, space optimisation and budget control in mind. A qualified hospitality project management service provider is essential to ensure that the architecture, equipment and customer experience are in line with the establishment&#8217;s objectives, while complying with technical and budgetary constraints.<\/p>\n<\/div>\n<\/div>\n\n\n\n<div style=\"height:30px\" aria-hidden=\"true\" class=\"wp-block-spacer\"><\/div>\n\n\n\n<hr class=\"wp-block-separator has-text-color has-yellow-color has-alpha-channel-opacity has-yellow-background-color has-background\"\/>\n\n\n\n<div style=\"height:30px\" aria-hidden=\"true\" class=\"wp-block-spacer\"><\/div>\n\n\n\n<div class=\"wp-block-columns are-vertically-aligned-center is-layout-flex wp-container-core-columns-is-layout-9d6595d7 wp-block-columns-is-layout-flex\">\n<div class=\"wp-block-column is-vertically-aligned-center is-layout-flow wp-block-column-is-layout-flow\" style=\"flex-basis:35%\">\n<p class=\"has-yellow-color has-text-color has-link-color wp-elements-f5bcded7717ff5ae2202eaa0eaf60bcc\" style=\"font-size:1.6em\"><strong>What is an AMO assignment?<\/strong><\/p>\n<\/div>\n\n\n\n<div class=\"wp-block-column is-vertically-aligned-center is-layout-flow wp-block-column-is-layout-flow\">\n<p>What is an ACA assignment? The ACA provides strategic advice to ensure that operational requirements are taken into account right from the planning stage. Tasks include asset management, budget monitoring, stakeholder coordination, and assistance in optimising working and reception conditions. By working hand in hand with the various stakeholders, the project management team ensures that the project is carried out in line with the establishment&#8217;s ambitions and to the satisfaction of its customers.<\/p>\n<\/div>\n<\/div>\n\n\n\n<div style=\"height:30px\" aria-hidden=\"true\" class=\"wp-block-spacer\"><\/div>\n\n\n\n<hr class=\"wp-block-separator has-text-color has-yellow-color has-alpha-channel-opacity has-yellow-background-color has-background\"\/>\n\n\n\n<div style=\"height:30px\" aria-hidden=\"true\" class=\"wp-block-spacer\"><\/div>\n\n\n\n<div class=\"wp-block-columns are-vertically-aligned-center is-layout-flex wp-container-core-columns-is-layout-9d6595d7 wp-block-columns-is-layout-flex\">\n<div class=\"wp-block-column is-vertically-aligned-center is-layout-flow wp-block-column-is-layout-flow\" style=\"flex-basis:35%\">\n<p class=\"has-yellow-color has-text-color has-link-color wp-elements-3a7cd760568bc1095edc71dcf4b2aaf1\" style=\"font-size:1.6em\"><strong>What does a hotel do?<\/strong><\/p>\n<\/div>\n\n\n\n<div class=\"wp-block-column is-vertically-aligned-center is-layout-flow wp-block-column-is-layout-flow\">\n<p>The mission of a hotel, or any other type of establishment open to the public, is to provide a high-quality customer experience while ensuring optimum operational management. This means designing each space to meet the needs of customers, whether in terms of comfort, aesthetics or practicality, as well as those of staff, with appropriate working conditions. With the help of an ACA, hoteliers can develop spaces designed for a seamless experience and optimum comfort, guaranteeing quality service and good staff productivity.<\/p>\n<\/div>\n<\/div>\n\n\n\n<div style=\"height:30px\" aria-hidden=\"true\" class=\"wp-block-spacer\"><\/div>\n\n\n\n<hr class=\"wp-block-separator has-text-color has-yellow-color has-alpha-channel-opacity has-yellow-background-color has-background\"\/>\n\n\n\n<div style=\"height:30px\" aria-hidden=\"true\" class=\"wp-block-spacer\"><\/div>\n\n\n\n<div class=\"wp-block-columns are-vertically-aligned-center is-layout-flex wp-container-core-columns-is-layout-9d6595d7 wp-block-columns-is-layout-flex\">\n<div class=\"wp-block-column is-vertically-aligned-center is-layout-flow wp-block-column-is-layout-flow\" style=\"flex-basis:35%\">\n<p class=\"has-yellow-color has-text-color has-link-color wp-elements-50c6e12380ecab67895e37396972c925\" style=\"font-size:1.6em\"><strong>How do you choose an architect and create a Hospitality Brief?<\/strong><\/p>\n<\/div>\n\n\n\n<div class=\"wp-block-column is-vertically-aligned-center is-layout-flow wp-block-column-is-layout-flow\">\n<p>Selecting a specialist hotel architect is crucial to ensuring that the vision is consistent with the hotel project. An AMO helps to define a Hospitality Brief, which sets out precise expectations in terms of design, functionality and customer services. This document, which is essential for the architect, includes the key points for optimising spaces, from reception to bedrooms and staff work areas, helping to achieve a balance between aesthetics and efficiency while respecting the environment.<\/p>\n<\/div>\n<\/div>\n\n\n\n<div style=\"height:30px\" aria-hidden=\"true\" class=\"wp-block-spacer\"><\/div>\n\n\n\n<hr class=\"wp-block-separator has-text-color has-yellow-color has-alpha-channel-opacity has-yellow-background-color has-background\"\/>\n\n\n\n<div style=\"height:30px\" aria-hidden=\"true\" class=\"wp-block-spacer\"><\/div>\n\n\n\n<div class=\"wp-block-columns are-vertically-aligned-center is-layout-flex wp-container-core-columns-is-layout-9d6595d7 wp-block-columns-is-layout-flex\">\n<div class=\"wp-block-column is-vertically-aligned-center is-layout-flow wp-block-column-is-layout-flow\" style=\"flex-basis:35%\">\n<p class=\"has-yellow-color has-text-color has-link-color wp-elements-df011724115cb6964c6cd9ae30441a9e\" style=\"font-size:1.6em\"><strong>Optimising space and saving on construction costs<\/strong><\/p>\n<\/div>\n\n\n\n<div class=\"wp-block-column is-vertically-aligned-center is-layout-flow wp-block-column-is-layout-flow\">\n<p>Designing spaces in conjunction with the operator, architect, manager and investor is essential if savings are to be made on construction and renovation. The ACA works to ensure that spaces are designed to maximise their usefulness and minimise operating costs. By taking into account operational experience criteria, the project management team helps to achieve savings right from the design stage, for example by optimising the layout of service areas or choosing sustainable and economical materials.<\/p>\n<\/div>\n<\/div>\n\n\n\n<div style=\"height:30px\" aria-hidden=\"true\" class=\"wp-block-spacer\"><\/div>\n\n\n\n<hr class=\"wp-block-separator has-text-color has-yellow-color has-alpha-channel-opacity has-yellow-background-color has-background\"\/>\n\n\n\n<div style=\"height:30px\" aria-hidden=\"true\" class=\"wp-block-spacer\"><\/div>\n\n\n\n<p>Calling on an experienced hotel or hospitality property management service provider is a strategic investment to ensure the success of a hotel project. By providing a comprehensive vision and asset management expertise, the project management team can reconcile design, functionality and financial performance. By integrating operational requirements right from the planning phase, the project management team ensures that each space contributes to an optimal customer experience and ideal working conditions, while maximising return on investment.<\/p>\n\n\n\n<div style=\"height:100px\" aria-hidden=\"true\" class=\"wp-block-spacer\"><\/div>\n","protected":false},"excerpt":{"rendered":"<p>AMO H\u00f4tel: Strategic expertise to optimise the design and profitability of hotel establishments Project Management Assistance (PMA) in the hotel sector, also known as Hotel PMA, plays a fundamental role in the success of hotel construction and renovation projects. Thanks to its cutting-edge expertise, the project management team works alongside the hotelier, architect and investor [&hellip;]<\/p>\n","protected":false},"author":2,"featured_media":0,"parent":0,"menu_order":0,"comment_status":"closed","ping_status":"closed","template":"","meta":{"_uag_custom_page_level_css":"","footnotes":""},"class_list":["post-44300","page","type-page","status-publish","hentry"],"yoast_head":"<!-- This site is optimized with the Yoast SEO plugin v27.4 - https:\/\/yoast.com\/product\/yoast-seo-wordpress\/ -->\n<title>Hospitality project management, project management assistance - DELPORTE Hospitality Assistance Ma\u00eetrise d&#039;Ouvrage H\u00f4tel<\/title>\n<meta name=\"description\" content=\"Optimisez la conception de votre h\u00f4tel avec l&#039;AMO : Assistance \u00e0 ma\u00eetrise d&#039;ouvrage pour la r\u00e9novation et construction d&#039;h\u00f4tels et lieux d&#039;accueil, alliant Brief \u00e0 l&#039;architecte, qualit\u00e9 et exp\u00e9rience client unique.\" \/>\n<meta name=\"robots\" content=\"index, follow, max-snippet:-1, max-image-preview:large, max-video-preview:-1\" \/>\n<link rel=\"canonical\" href=\"https:\/\/delporte-hospitality.com\/en\/amo-hospitalite-assistance-maitrise-douvrage\/\" \/>\n<meta property=\"og:locale\" content=\"en_US\" \/>\n<meta property=\"og:type\" content=\"article\" \/>\n<meta property=\"og:title\" content=\"Hospitality project management, project management assistance - DELPORTE Hospitality Assistance Ma\u00eetrise d&#039;Ouvrage H\u00f4tel\" \/>\n<meta property=\"og:description\" content=\"Optimisez la conception de votre h\u00f4tel avec l&#039;AMO : Assistance \u00e0 ma\u00eetrise d&#039;ouvrage pour la r\u00e9novation et construction d&#039;h\u00f4tels et lieux d&#039;accueil, alliant Brief \u00e0 l&#039;architecte, qualit\u00e9 et exp\u00e9rience client unique.\" \/>\n<meta property=\"og:url\" content=\"https:\/\/delporte-hospitality.com\/en\/amo-hospitalite-assistance-maitrise-douvrage\/\" \/>\n<meta property=\"og:site_name\" content=\"DELPORTE Hospitality\" \/>\n<meta property=\"article:publisher\" content=\"https:\/\/www.facebook.com\/delportehospitality\" \/>\n<meta property=\"article:modified_time\" content=\"2025-01-28T08:25:00+00:00\" \/>\n<meta name=\"twitter:card\" content=\"summary_large_image\" \/>\n<meta name=\"twitter:site\" content=\"@laurentdelporte\" \/>\n<meta name=\"twitter:label1\" content=\"Est. reading time\" \/>\n\t<meta name=\"twitter:data1\" content=\"3 minutes\" \/>\n<script type=\"application\/ld+json\" class=\"yoast-schema-graph\">{\"@context\":\"https:\\\/\\\/schema.org\",\"@graph\":[{\"@type\":\"WebPage\",\"@id\":\"https:\\\/\\\/delporte-hospitality.com\\\/en\\\/amo-hospitalite-assistance-maitrise-douvrage\\\/\",\"url\":\"https:\\\/\\\/delporte-hospitality.com\\\/en\\\/amo-hospitalite-assistance-maitrise-douvrage\\\/\",\"name\":\"Hospitality project management, project management assistance - DELPORTE Hospitality Assistance Ma\u00eetrise d'Ouvrage H\u00f4tel\",\"isPartOf\":{\"@id\":\"https:\\\/\\\/delporte-hospitality.com\\\/en\\\/#website\"},\"datePublished\":\"2024-10-30T23:44:28+00:00\",\"dateModified\":\"2025-01-28T08:25:00+00:00\",\"description\":\"Optimisez la conception de votre h\u00f4tel avec l'AMO : Assistance \u00e0 ma\u00eetrise d'ouvrage pour la r\u00e9novation et construction d'h\u00f4tels et lieux d'accueil, alliant Brief \u00e0 l'architecte, qualit\u00e9 et exp\u00e9rience client unique.\",\"breadcrumb\":{\"@id\":\"https:\\\/\\\/delporte-hospitality.com\\\/en\\\/amo-hospitalite-assistance-maitrise-douvrage\\\/#breadcrumb\"},\"inLanguage\":\"en-US\",\"potentialAction\":[{\"@type\":\"ReadAction\",\"target\":[\"https:\\\/\\\/delporte-hospitality.com\\\/en\\\/amo-hospitalite-assistance-maitrise-douvrage\\\/\"]}]},{\"@type\":\"BreadcrumbList\",\"@id\":\"https:\\\/\\\/delporte-hospitality.com\\\/en\\\/amo-hospitalite-assistance-maitrise-douvrage\\\/#breadcrumb\",\"itemListElement\":[{\"@type\":\"ListItem\",\"position\":1,\"name\":\"Accueil\",\"item\":\"https:\\\/\\\/delporte-hospitality.com\\\/en\\\/\"},{\"@type\":\"ListItem\",\"position\":2,\"name\":\"Hospitality project management, project management assistance\"}]},{\"@type\":\"WebSite\",\"@id\":\"https:\\\/\\\/delporte-hospitality.com\\\/en\\\/#website\",\"url\":\"https:\\\/\\\/delporte-hospitality.com\\\/en\\\/\",\"name\":\"DELPORTE Hospitality\",\"description\":\"D\u00e9velopper vos talents, r\u00e9v\u00e9ler votre hospitalit\u00e9.\",\"publisher\":{\"@id\":\"https:\\\/\\\/delporte-hospitality.com\\\/en\\\/#organization\"},\"potentialAction\":[{\"@type\":\"SearchAction\",\"target\":{\"@type\":\"EntryPoint\",\"urlTemplate\":\"https:\\\/\\\/delporte-hospitality.com\\\/en\\\/?s={search_term_string}\"},\"query-input\":{\"@type\":\"PropertyValueSpecification\",\"valueRequired\":true,\"valueName\":\"search_term_string\"}}],\"inLanguage\":\"en-US\"},{\"@type\":\"Organization\",\"@id\":\"https:\\\/\\\/delporte-hospitality.com\\\/en\\\/#organization\",\"name\":\"DELPORTE Hospitality\",\"url\":\"https:\\\/\\\/delporte-hospitality.com\\\/en\\\/\",\"logo\":{\"@type\":\"ImageObject\",\"inLanguage\":\"en-US\",\"@id\":\"https:\\\/\\\/delporte-hospitality.com\\\/en\\\/#\\\/schema\\\/logo\\\/image\\\/\",\"url\":\"https:\\\/\\\/delporte-hospitality.com\\\/wp-content\\\/uploads\\\/logo-m.svg\",\"contentUrl\":\"https:\\\/\\\/delporte-hospitality.com\\\/wp-content\\\/uploads\\\/logo-m.svg\",\"caption\":\"DELPORTE Hospitality\"},\"image\":{\"@id\":\"https:\\\/\\\/delporte-hospitality.com\\\/en\\\/#\\\/schema\\\/logo\\\/image\\\/\"},\"sameAs\":[\"https:\\\/\\\/www.facebook.com\\\/delportehospitality\",\"https:\\\/\\\/x.com\\\/laurentdelporte\",\"https:\\\/\\\/www.tiktok.com\\\/@delporte_hospitality\",\"https:\\\/\\\/www.instagram.com\\\/delporte_expert_hospitalite\"]}]}<\/script>\n<!-- \/ Yoast SEO plugin. -->","yoast_head_json":{"title":"Hospitality project management, project management assistance - DELPORTE Hospitality Assistance Ma\u00eetrise d'Ouvrage H\u00f4tel","description":"Optimisez la conception de votre h\u00f4tel avec l'AMO : Assistance \u00e0 ma\u00eetrise d'ouvrage pour la r\u00e9novation et construction d'h\u00f4tels et lieux d'accueil, alliant Brief \u00e0 l'architecte, qualit\u00e9 et exp\u00e9rience client unique.","robots":{"index":"index","follow":"follow","max-snippet":"max-snippet:-1","max-image-preview":"max-image-preview:large","max-video-preview":"max-video-preview:-1"},"canonical":"https:\/\/delporte-hospitality.com\/en\/amo-hospitalite-assistance-maitrise-douvrage\/","og_locale":"en_US","og_type":"article","og_title":"Hospitality project management, project management assistance - DELPORTE Hospitality Assistance Ma\u00eetrise d'Ouvrage H\u00f4tel","og_description":"Optimisez la conception de votre h\u00f4tel avec l'AMO : Assistance \u00e0 ma\u00eetrise d'ouvrage pour la r\u00e9novation et construction d'h\u00f4tels et lieux d'accueil, alliant Brief \u00e0 l'architecte, qualit\u00e9 et exp\u00e9rience client unique.","og_url":"https:\/\/delporte-hospitality.com\/en\/amo-hospitalite-assistance-maitrise-douvrage\/","og_site_name":"DELPORTE Hospitality","article_publisher":"https:\/\/www.facebook.com\/delportehospitality","article_modified_time":"2025-01-28T08:25:00+00:00","twitter_card":"summary_large_image","twitter_site":"@laurentdelporte","twitter_misc":{"Est. reading time":"3 minutes"},"schema":{"@context":"https:\/\/schema.org","@graph":[{"@type":"WebPage","@id":"https:\/\/delporte-hospitality.com\/en\/amo-hospitalite-assistance-maitrise-douvrage\/","url":"https:\/\/delporte-hospitality.com\/en\/amo-hospitalite-assistance-maitrise-douvrage\/","name":"Hospitality project management, project management assistance - DELPORTE Hospitality Assistance Ma\u00eetrise d'Ouvrage H\u00f4tel","isPartOf":{"@id":"https:\/\/delporte-hospitality.com\/en\/#website"},"datePublished":"2024-10-30T23:44:28+00:00","dateModified":"2025-01-28T08:25:00+00:00","description":"Optimisez la conception de votre h\u00f4tel avec l'AMO : Assistance \u00e0 ma\u00eetrise d'ouvrage pour la r\u00e9novation et construction d'h\u00f4tels et lieux d'accueil, alliant Brief \u00e0 l'architecte, qualit\u00e9 et exp\u00e9rience client unique.","breadcrumb":{"@id":"https:\/\/delporte-hospitality.com\/en\/amo-hospitalite-assistance-maitrise-douvrage\/#breadcrumb"},"inLanguage":"en-US","potentialAction":[{"@type":"ReadAction","target":["https:\/\/delporte-hospitality.com\/en\/amo-hospitalite-assistance-maitrise-douvrage\/"]}]},{"@type":"BreadcrumbList","@id":"https:\/\/delporte-hospitality.com\/en\/amo-hospitalite-assistance-maitrise-douvrage\/#breadcrumb","itemListElement":[{"@type":"ListItem","position":1,"name":"Accueil","item":"https:\/\/delporte-hospitality.com\/en\/"},{"@type":"ListItem","position":2,"name":"Hospitality project management, project management assistance"}]},{"@type":"WebSite","@id":"https:\/\/delporte-hospitality.com\/en\/#website","url":"https:\/\/delporte-hospitality.com\/en\/","name":"DELPORTE Hospitality","description":"D\u00e9velopper vos talents, r\u00e9v\u00e9ler votre hospitalit\u00e9.","publisher":{"@id":"https:\/\/delporte-hospitality.com\/en\/#organization"},"potentialAction":[{"@type":"SearchAction","target":{"@type":"EntryPoint","urlTemplate":"https:\/\/delporte-hospitality.com\/en\/?s={search_term_string}"},"query-input":{"@type":"PropertyValueSpecification","valueRequired":true,"valueName":"search_term_string"}}],"inLanguage":"en-US"},{"@type":"Organization","@id":"https:\/\/delporte-hospitality.com\/en\/#organization","name":"DELPORTE Hospitality","url":"https:\/\/delporte-hospitality.com\/en\/","logo":{"@type":"ImageObject","inLanguage":"en-US","@id":"https:\/\/delporte-hospitality.com\/en\/#\/schema\/logo\/image\/","url":"https:\/\/delporte-hospitality.com\/wp-content\/uploads\/logo-m.svg","contentUrl":"https:\/\/delporte-hospitality.com\/wp-content\/uploads\/logo-m.svg","caption":"DELPORTE Hospitality"},"image":{"@id":"https:\/\/delporte-hospitality.com\/en\/#\/schema\/logo\/image\/"},"sameAs":["https:\/\/www.facebook.com\/delportehospitality","https:\/\/x.com\/laurentdelporte","https:\/\/www.tiktok.com\/@delporte_hospitality","https:\/\/www.instagram.com\/delporte_expert_hospitalite"]}]}},"uagb_featured_image_src":{"full":false,"thumbnail":false,"medium":false,"medium_large":false,"large":false,"1536x1536":false,"2048x2048":false},"uagb_author_info":{"display_name":"Laurent delporte","author_link":"https:\/\/delporte-hospitality.com\/en\/author\/laurent-delporte\/"},"uagb_comment_info":0,"uagb_excerpt":"AMO H\u00f4tel: Strategic expertise to optimise the design and profitability of hotel establishments Project Management Assistance (PMA) in the hotel sector, also known as Hotel PMA, plays a fundamental role in the success of hotel construction and renovation projects. Thanks to its cutting-edge expertise, the project management team works alongside the hotelier, architect and investor&hellip;","_links":{"self":[{"href":"https:\/\/delporte-hospitality.com\/en\/wp-json\/wp\/v2\/pages\/44300","targetHints":{"allow":["GET"]}}],"collection":[{"href":"https:\/\/delporte-hospitality.com\/en\/wp-json\/wp\/v2\/pages"}],"about":[{"href":"https:\/\/delporte-hospitality.com\/en\/wp-json\/wp\/v2\/types\/page"}],"author":[{"embeddable":true,"href":"https:\/\/delporte-hospitality.com\/en\/wp-json\/wp\/v2\/users\/2"}],"replies":[{"embeddable":true,"href":"https:\/\/delporte-hospitality.com\/en\/wp-json\/wp\/v2\/comments?post=44300"}],"version-history":[{"count":1,"href":"https:\/\/delporte-hospitality.com\/en\/wp-json\/wp\/v2\/pages\/44300\/revisions"}],"predecessor-version":[{"id":44302,"href":"https:\/\/delporte-hospitality.com\/en\/wp-json\/wp\/v2\/pages\/44300\/revisions\/44302"}],"wp:attachment":[{"href":"https:\/\/delporte-hospitality.com\/en\/wp-json\/wp\/v2\/media?parent=44300"}],"curies":[{"name":"wp","href":"https:\/\/api.w.org\/{rel}","templated":true}]}}